{"id":16,"date":"2010-04-06T19:30:59","date_gmt":"2010-04-06T17:30:59","guid":{"rendered":"http:\/\/www.climbingsessions.com\/?page_id=16"},"modified":"2021-03-09T00:37:38","modified_gmt":"2021-03-08T23:37:38","slug":"bautechnik","status":"publish","type":"page","link":"http:\/\/www.climbingsessions.com\/?page_id=16","title":{"rendered":"BAUTECHNIK"},"content":{"rendered":"<h6>Als staatlich gepr\u00fcfter Bautechniker und Bauzeichner leite ich ein kleines Baub\u00fcro. Wir betreuen in den Leistungsphasen Entwurf, Planung, Eingabe, Vergabe, Bauleitung, Ausf\u00fchrung und Abnahme diverse Objekte. Wir sind auf Planung und Bau von Boulder- und Kletteranlagen spezialisiert. Zeichenprogramm: AUTOCAD. Einige Beispiele:<\/h6>\n<p><span style=\"text-decoration: underline;\">_____________________________________________________________________________________________________________________________________________<\/span><\/p>\n<h5>2010 &#8211; <strong>Boulderanlage katholische Jugendf\u00fcrsorge<\/strong><\/h5>\n<h6><strong> Planung und komplette Realisierung <\/strong><\/h6>\n<div id=\"attachment_133\" style=\"width: 234px\" class=\"wp-caption alignleft\"><a href=\"http:\/\/www.climbingsessions.com\/?attachment_id=133\" rel=\"attachment wp-att-133\"><img loading=\"lazy\" decoding=\"async\" aria-describedby=\"caption-attachment-133\" class=\"size-full wp-image-133\" title=\"2010 Boulderanlage KJF - 1\" src=\"http:\/\/www.climbingsessions.com\/wp-content\/uploads\/2010\/04\/10-01-kjf-1-web.jpg\" alt=\"\" width=\"224\" height=\"168\" \/><\/a><p id=\"caption-attachment-133\" class=\"wp-caption-text\">Eine Seitent\u00fcre (der rote Griff links unten ist der Knauf) gibt Zugang zum Stauraum f\u00fcr Klettermaterialien<\/p><\/div>\n<p>Konzipiert wurde die Anlage f\u00fcr Kinder und Jugendliche mit schwierigen Lebensbedingungen im Alter von 8 bis 15 Jahren.<\/p>\n<div id=\"attachment_132\" style=\"width: 136px\" class=\"wp-caption alignright\"><a href=\"http:\/\/www.climbingsessions.com\/?attachment_id=132\" rel=\"attachment wp-att-132\"><img loading=\"lazy\" decoding=\"async\" aria-describedby=\"caption-attachment-132\" class=\"size-full wp-image-132\" title=\"2010 Boulderanlage KJF - 2\" src=\"http:\/\/www.climbingsessions.com\/wp-content\/uploads\/2010\/04\/10-01-kjf-2-web.jpg\" alt=\"\" width=\"126\" height=\"168\" \/><\/a><p id=\"caption-attachment-132\" class=\"wp-caption-text\">Eine leichte Schr\u00e4ge schafft Abwechslung<\/p><\/div>\n<p>Projektziel war eine einfache und zugleich effektiv nutzbare Boulderwand in einem Jugendaufenthaltsraum. Verwendet wurden ergonomisch besonders freundliche XXL-Griffe. Es mu\u00dften erhebliche Gr\u00f6\u00dfenunterschiede der Nutzer ber\u00fccksichtigt werden. Die notwendigen Fallschutzmatten wurden nach Aufnahme der Bilder erg\u00e4nzt.<\/p>\n<p>_____________________________________________________________________________________________________________________________________________<\/p>\n<h5>2009 &#8211; Boulderanlage einer Kaderkletterin<\/h5>\n<h6>Planung\/Vergabe\/Abnahme\/Abrechnung<\/h6>\n<div id=\"attachment_134\" style=\"width: 234px\" class=\"wp-caption alignleft\"><a href=\"http:\/\/www.climbingsessions.com\/?attachment_id=134\" rel=\"attachment wp-att-134\"><img loading=\"lazy\" decoding=\"async\" aria-describedby=\"caption-attachment-134\" class=\"size-full wp-image-134\" title=\"2009 Boulderanlage kaderkletterin - 1\" src=\"http:\/\/www.climbingsessions.com\/wp-content\/uploads\/2010\/04\/09-06-fertig-3-deubzer-web.jpg\" alt=\"\" width=\"224\" height=\"168\" \/><\/a><p id=\"caption-attachment-134\" class=\"wp-caption-text\">Hier wird f\u00fcr das Nationalkader trainiert<\/p><\/div>\n<p>In einer rel. kleinen, niedrigen Garage sollte eine \u00dcbungsboulderanlage f\u00fcr eine Kaderkletterin erstellt werden. Spannungsfordernde \u00dcberh\u00e4nge und ein Minimum an Systembouldertauglichkeit bedingten den Einbau starker Neigungen. Zugleich mu\u00dfte m\u00f6glicher Feuchtigkeitseinwirkung begegnet werden. Das Bild zeigt den Boulderraum kurz nach Einbau des ersten (gro\u00dfen) Griffesets.<\/p>\n<p>_____________________________________________________________________________________________________________________________________________<\/p>\n","protected":false},"excerpt":{"rendered":"<p>Als staatlich gepr\u00fcfter Bautechniker und Bauzeichner leite ich ein kleines Baub\u00fcro. Wir betreuen in den Leistungsphasen Entwurf, Planung, Eingabe, Vergabe, Bauleitung, Ausf\u00fchrung und Abnahme diverse Objekte. Wir sind auf Planung und Bau von Boulder- und Kletteranlagen spezialisiert. Zeichenprogramm: AUTOCAD. Einige Beispiele: _____________________________________________________________________________________________________________________________________________ 2010 &#8211; Boulderanlage katholische Jugendf\u00fcrsorge Planung und komplette Realisierung Konzipiert wurde die Anlage [&hellip;]<\/p>\n","protected":false},"author":1,"featured_media":0,"parent":0,"menu_order":200,"comment_status":"closed","ping_status":"closed","template":"","meta":{"footnotes":""},"class_list":["post-16","page","type-page","status-publish","hentry"],"_links":{"self":[{"href":"http:\/\/www.climbingsessions.com\/index.php?rest_route=\/wp\/v2\/pages\/16","targetHints":{"allow":["GET"]}}],"collection":[{"href":"http:\/\/www.climbingsessions.com\/index.php?rest_route=\/wp\/v2\/pages"}],"about":[{"href":"http:\/\/www.climbingsessions.com\/index.php?rest_route=\/wp\/v2\/types\/page"}],"author":[{"embeddable":true,"href":"http:\/\/www.climbingsessions.com\/index.php?rest_route=\/wp\/v2\/users\/1"}],"replies":[{"embeddable":true,"href":"http:\/\/www.climbingsessions.com\/index.php?rest_route=%2Fwp%2Fv2%2Fcomments&post=16"}],"version-history":[{"count":22,"href":"http:\/\/www.climbingsessions.com\/index.php?rest_route=\/wp\/v2\/pages\/16\/revisions"}],"predecessor-version":[{"id":5364,"href":"http:\/\/www.climbingsessions.com\/index.php?rest_route=\/wp\/v2\/pages\/16\/revisions\/5364"}],"wp:attachment":[{"href":"http:\/\/www.climbingsessions.com\/index.php?rest_route=%2Fwp%2Fv2%2Fmedia&parent=16"}],"curies":[{"name":"wp","href":"https:\/\/api.w.org\/{rel}","templated":true}]}}